{"id":53,"date":"2023-08-07T20:37:18","date_gmt":"2023-08-07T20:37:18","guid":{"rendered":"https:\/\/apdeportiva.idi1.pro\/index.php\/acceder\/"},"modified":"2023-08-07T20:37:18","modified_gmt":"2023-08-07T20:37:18","slug":"acceder","status":"publish","type":"page","link":"https:\/\/apdeportiva.idi1.pro\/index.php\/acceder\/","title":{"rendered":"Acceder"},"content":{"rendered":"<div class=\"directorist-login-wrapper directorist-w-100\">\n    <div class=\"directorist-container-fluid\">\n        <div class=\"directorist-row\">\n            <div class=\"directorist-col-md-6 directorist-offset-md-3\">\n                <div class=\"atbdp_login_form_shortcode\">\n\t\t\t\t\t\n\t\t\t\t\t\n\t\t\t\t\t\t\t\t\t\t\t<form action=\"#\" id=\"login\" method=\"POST\">\n\t\t\t\t\t\t\t<p class=\"status\"><\/p>\n\t\t\t\t\t\t\t<div class=\"directorist-form-group directorist-mb-15\">\n\t\t\t\t\t\t\t\t<label for=\"username\">Nombre de usuario o correo electr\u00f3nico<\/label>\n\t\t\t\t\t\t\t\t<input type=\"text\" class=\"directorist-form-element\" id=\"username\" name=\"username\">\n\t\t\t\t\t\t\t<\/div>\n\n\t\t\t\t\t\t\t<div class=\"directorist-form-group directorist-mb-15\">\n\t\t\t\t\t\t\t\t<label for=\"password\">Contrase\u00f1a<\/label>\n\t\t\t\t\t\t\t\t<input type=\"password\" id=\"password\" autocomplete=\"off\" name=\"password\" class=\"directorist-form-element\">\n\t\t\t\t\t\t\t<\/div>\n\n\t\t\t\t\t\t\t<div class=\"directorist-form-group atbd_login_btn_wrapper directorist-mb-15\">\n\t\t\t\t\t\t\t\t<button class=\"directorist-btn directorist-btn-block directorist-btn-primary\" type=\"submit\" value=\"Acceder\" name=\"submit\">Acceder<\/button>\n\t\t\t\t\t\t\t\t<input type=\"hidden\" id=\"security\" name=\"security\" value=\"054743b241\" \/><input type=\"hidden\" name=\"_wp_http_referer\" value=\"\/index.php\/wp-json\/wp\/v2\/pages\/53\" \/>\t\t\t\t\t\t\t<\/div>\n\n\t\t\t\t\t\t\t<div class=\"keep_signed directorist-checkbox directorist-mb-15\">\n\t\t\t\t\t\t\t\t\t\t\t\t\t\t\t\t\t<input type=\"checkbox\" id=\"keep_signed_in\" value=\"1\" name=\"keep_signed_in\" checked>\n\t\t\t\t\t\t\t\t\t<label for=\"keep_signed_in\" class=\"directorist-checkbox__label not_empty\">\n\t\t\t\t\t\t\t\t\t\tRecu\u00e9rdame\t\t\t\t\t\t\t\t\t<\/label>\n\t\t\t\t\t\t\t\t\t\t\t\t\t\t\t<\/div>\n\n\t\t\t\t\t\t\t<p><a href=\"\" class=\"atbdp_recovery_pass\">Recuperar la contrase\u00f1a<\/a><\/p>\t\t\t\t\t\t<\/form>\n\n\t\t\t\t\t\t<div class=\"atbd_social_login\">\n\t\t\t\t\t\t\t\t\t\t\t\t\t<\/div>\n\n\t\t\t\t\t\t\t\t\t\t\t\t\t<p>\n\t\t\t\t\t\t\t\t\u00bfNo tienes una cuenta?\t\t\t\t\t\t\t\t<a href=\"https:\/\/apdeportiva.idi1.pro\/index.php\/registro\/\">Reg\u00edstrate<\/a>\n\t\t\t\t\t\t\t<\/p>\n\t\t\t\t\t\t\n\t\t\t\t\t\t\n\t\t\t\t\t\t<div id=\"recover-pass-modal\" class=\"directorist-mt-15\">\n\t\t\t\t\t\t\t<form method=\"post\">\n\t\t\t\t\t\t\t\t<fieldset class=\"directorist-form-group\">\n\t\t\t\t\t\t\t\t\t<p>\u00bfPerdiste tu contrase\u00f1a? Por favor, introduce tu direcci\u00f3n de correo electr\u00f3nico. Recibir\u00e1s un enlace para crear una nueva contrase\u00f1a por correo electr\u00f3nico.<\/p>\n\t\t\t\t\t\t\t\t\t<label for=\"reset_user_login\">Correo electr\u00f3nico<\/label>\n\t\t\t\t\t\t\t\t\t<input type=\"text\" class=\"directorist-form-element\" name=\"user_login\" id=\"reset_user_login\" value=\"\" placeholder=\"p.ej. mail@example.com\" required=\"required\" \/>\n\t\t\t\t\t\t\t\t\t<p>\n\t\t\t\t\t\t\t\t\t\t<input type=\"hidden\" name=\"action\" value=\"reset\" \/>\n\t\t\t\t\t\t\t\t\t\t<button type=\"submit\" class=\"directorist-btn directorist-btn-primary\" id=\"submit\">Obtener una contrase\u00f1a nueva<\/button>\n\t\t\t\t\t\t\t\t\t\t<input type=\"hidden\" value=\"5106307e7d\" name=\"directorist_nonce\">\n\t\t\t\t\t\t\t\t\t<\/p>\n\t\t\t\t\t\t\t\t<\/fieldset>\n\t\t\t\t\t\t\t<\/form>\n\t\t\t\t\t\t<\/div>\n\t\t\t\t\t\t\t\t\t<\/div><!-- \/.atbdp_login_form_shortcode -->\n\t\t\t<\/div>\n\t\t<\/div>\n\t<\/div>\n<\/div>\n\n","protected":false},"excerpt":{"rendered":"","protected":false},"author":1,"featured_media":0,"parent":0,"menu_order":0,"comment_status":"closed","ping_status":"closed","template":"","meta":[],"_links":{"self":[{"href":"https:\/\/apdeportiva.idi1.pro\/index.php\/wp-json\/wp\/v2\/pages\/53"}],"collection":[{"href":"https:\/\/apdeportiva.idi1.pro\/index.php\/wp-json\/wp\/v2\/pages"}],"about":[{"href":"https:\/\/apdeportiva.idi1.pro\/index.php\/wp-json\/wp\/v2\/types\/page"}],"author":[{"embeddable":true,"href":"https:\/\/apdeportiva.idi1.pro\/index.php\/wp-json\/wp\/v2\/users\/1"}],"replies":[{"embeddable":true,"href":"https:\/\/apdeportiva.idi1.pro\/index.php\/wp-json\/wp\/v2\/comments?post=53"}],"version-history":[{"count":0,"href":"https:\/\/apdeportiva.idi1.pro\/index.php\/wp-json\/wp\/v2\/pages\/53\/revisions"}],"wp:attachment":[{"href":"https:\/\/apdeportiva.idi1.pro\/index.php\/wp-json\/wp\/v2\/media?parent=53"}],"curies":[{"name":"wp","href":"https:\/\/api.w.org\/{rel}","templated":true}]}}