{"id":9,"date":"2023-07-07T02:19:42","date_gmt":"2023-07-07T02:19:42","guid":{"rendered":"https:\/\/apdeportiva.idi1.pro\/?page_id=9"},"modified":"2023-08-20T23:20:54","modified_gmt":"2023-08-20T23:20:54","slug":"inicio","status":"publish","type":"page","link":"https:\/\/apdeportiva.idi1.pro\/","title":{"rendered":"inicio"},"content":{"rendered":"\t\t<div data-elementor-type=\"wp-page\" data-elementor-id=\"9\" class=\"elementor elementor-9\">\n\t\t\t\t\t\t\t\t\t<section class=\"elementor-section elementor-top-section elementor-element elementor-element-fcbd6a0 elementor-section-boxed elementor-section-height-default elementor-section-height-default\" data-id=\"fcbd6a0\" data-element_type=\"section\">\n\t\t\t\t\t\t<div class=\"elementor-container elementor-column-gap-default\">\n\t\t\t\t\t<div class=\"elementor-column elementor-col-50 elementor-top-column elementor-element elementor-element-d96e300\" data-id=\"d96e300\" data-element_type=\"column\">\n\t\t\t<div class=\"elementor-widget-wrap elementor-element-populated\">\n\t\t\t\t\t\t\t\t<section class=\"elementor-section elementor-inner-section elementor-element elementor-element-2459f97 elementor-section-boxed elementor-section-height-default elementor-section-height-default\" data-id=\"2459f97\" data-element_type=\"section\">\n\t\t\t\t\t\t<div class=\"elementor-container elementor-column-gap-default\">\n\t\t\t\t\t<div class=\"elementor-column elementor-col-100 elementor-inner-column elementor-element elementor-element-115c5ce\" data-id=\"115c5ce\" data-element_type=\"column\">\n\t\t\t<div class=\"elementor-widget-wrap elementor-element-populated\">\n\t\t\t\t\t\t\t\t<div class=\"elementor-element elementor-element-35c136f elementor-view-framed elementor-shape-circle elementor-widget elementor-widget-icon\" data-id=\"35c136f\" data-element_type=\"widget\" data-widget_type=\"icon.default\">\n\t\t\t\t<div class=\"elementor-widget-container\">\n\t\t\t\t\t<div class=\"elementor-icon-wrapper\">\n\t\t\t<a class=\"elementor-icon\" href=\"https:\/\/www.google.com\/maps\/@3.3878818,-77.0324992,7.5z\/data=!4m2!6m1!1s10N9iUtvgPjB_qw8rOybEA1-pHtSMYos?hl=es&#038;entry=ttu\">\n\t\t\t<i aria-hidden=\"true\" class=\"fas fa-map-marker-alt\"><\/i>\t\t\t<\/a>\n\t\t<\/div>\n\t\t\t\t<\/div>\n\t\t\t\t<\/div>\n\t\t\t\t<div class=\"elementor-element elementor-element-93af89a elementor-widget elementor-widget-heading\" data-id=\"93af89a\" data-element_type=\"widget\" data-widget_type=\"heading.default\">\n\t\t\t\t<div class=\"elementor-widget-container\">\n\t\t\t<style>\/*! elementor - v3.16.0 - 14-09-2023 *\/\n.elementor-heading-title{padding:0;margin:0;line-height:1}.elementor-widget-heading .elementor-heading-title[class*=elementor-size-]>a{color:inherit;font-size:inherit;line-height:inherit}.elementor-widget-heading .elementor-heading-title.elementor-size-small{font-size:15px}.elementor-widget-heading .elementor-heading-title.elementor-size-medium{font-size:19px}.elementor-widget-heading .elementor-heading-title.elementor-size-large{font-size:29px}.elementor-widget-heading .elementor-heading-title.elementor-size-xl{font-size:39px}.elementor-widget-heading .elementor-heading-title.elementor-size-xxl{font-size:59px}<\/style><h2 class=\"elementor-heading-title elementor-size-default\"><a href=\"https:\/\/www.google.com\/maps\/@3.3878818,-77.0324992,7.5z\/data=!4m2!6m1!1s10N9iUtvgPjB_qw8rOybEA1-pHtSMYos?hl=es&#038;entry=ttu\">Mapa Centros de atenci\u00f3n medica<\/a><\/h2>\t\t<\/div>\n\t\t\t\t<\/div>\n\t\t\t\t\t<\/div>\n\t\t<\/div>\n\t\t\t\t\t\t\t<\/div>\n\t\t<\/section>\n\t\t\t\t\t<\/div>\n\t\t<\/div>\n\t\t\t\t<div class=\"elementor-column elementor-col-50 elementor-top-column elementor-element elementor-element-5aecd74\" data-id=\"5aecd74\" data-element_type=\"column\">\n\t\t\t<div class=\"elementor-widget-wrap elementor-element-populated\">\n\t\t\t\t\t\t\t\t<section class=\"elementor-section elementor-inner-section elementor-element elementor-element-867b68d elementor-section-boxed elementor-section-height-default elementor-section-height-default\" data-id=\"867b68d\" data-element_type=\"section\">\n\t\t\t\t\t\t<div class=\"elementor-container elementor-column-gap-default\">\n\t\t\t\t\t<div class=\"elementor-column elementor-col-100 elementor-inner-column elementor-element elementor-element-e94ce7a\" data-id=\"e94ce7a\" data-element_type=\"column\">\n\t\t\t<div class=\"elementor-widget-wrap elementor-element-populated\">\n\t\t\t\t\t\t\t\t<div class=\"elementor-element elementor-element-ad3cee9 elementor-view-framed elementor-shape-circle elementor-widget elementor-widget-icon\" data-id=\"ad3cee9\" data-element_type=\"widget\" data-widget_type=\"icon.default\">\n\t\t\t\t<div class=\"elementor-widget-container\">\n\t\t\t\t\t<div class=\"elementor-icon-wrapper\">\n\t\t\t<a class=\"elementor-icon\" href=\"https:\/\/www.google.com\/maps\/d\/edit?mid=10N9iUtvgPjB_qw8rOybEA1-pHtSMYos&#038;usp=sharing\">\n\t\t\t<i aria-hidden=\"true\" class=\"fas fa-directions\"><\/i>\t\t\t<\/a>\n\t\t<\/div>\n\t\t\t\t<\/div>\n\t\t\t\t<\/div>\n\t\t\t\t<div class=\"elementor-element elementor-element-dafcf6e elementor-widget elementor-widget-heading\" data-id=\"dafcf6e\" data-element_type=\"widget\" data-widget_type=\"heading.default\">\n\t\t\t\t<div class=\"elementor-widget-container\">\n\t\t\t<h2 class=\"elementor-heading-title elementor-size-default\">Directorio contactos profesionales<\/h2>\t\t<\/div>\n\t\t\t\t<\/div>\n\t\t\t\t\t<\/div>\n\t\t<\/div>\n\t\t\t\t\t\t\t<\/div>\n\t\t<\/section>\n\t\t\t\t\t<\/div>\n\t\t<\/div>\n\t\t\t\t\t\t\t<\/div>\n\t\t<\/section>\n\t\t\t\t<section class=\"elementor-section elementor-top-section elementor-element elementor-element-00a190d elementor-section-boxed elementor-section-height-default elementor-section-height-default\" data-id=\"00a190d\" data-element_type=\"section\">\n\t\t\t\t\t\t<div class=\"elementor-container elementor-column-gap-default\">\n\t\t\t\t\t<div class=\"elementor-column elementor-col-100 elementor-top-column elementor-element elementor-element-ac51e9d\" data-id=\"ac51e9d\" data-element_type=\"column\">\n\t\t\t<div class=\"elementor-widget-wrap elementor-element-populated\">\n\t\t\t\t\t\t\t\t<section class=\"elementor-section elementor-inner-section elementor-element elementor-element-c1f671b elementor-section-boxed elementor-section-height-default elementor-section-height-default\" data-id=\"c1f671b\" data-element_type=\"section\">\n\t\t\t\t\t\t<div class=\"elementor-container elementor-column-gap-default\">\n\t\t\t\t\t<div class=\"elementor-column elementor-col-50 elementor-inner-column elementor-element elementor-element-c93108f\" data-id=\"c93108f\" data-element_type=\"column\">\n\t\t\t<div class=\"elementor-widget-wrap elementor-element-populated\">\n\t\t\t\t\t\t\t\t<div class=\"elementor-element elementor-element-89098de elementor-widget elementor-widget-heading\" data-id=\"89098de\" data-element_type=\"widget\" data-widget_type=\"heading.default\">\n\t\t\t\t<div class=\"elementor-widget-container\">\n\t\t\t<h2 class=\"elementor-heading-title elementor-size-default\"><a href=\"https:\/\/apdeportiva.idi1.pro\/index.php\/pagina-inicio-de-busqueda\/\">Directorio<\/a><\/h2>\t\t<\/div>\n\t\t\t\t<\/div>\n\t\t\t\t\t<\/div>\n\t\t<\/div>\n\t\t\t\t<div class=\"elementor-column elementor-col-50 elementor-inner-column elementor-element elementor-element-fa9bf33\" data-id=\"fa9bf33\" data-element_type=\"column\">\n\t\t\t<div class=\"elementor-widget-wrap elementor-element-populated\">\n\t\t\t\t\t\t\t\t<div class=\"elementor-element elementor-element-4115246 elementor-widget elementor-widget-directorist_search_listing\" data-id=\"4115246\" data-element_type=\"widget\" data-widget_type=\"directorist_search_listing.default\">\n\t\t\t\t<div class=\"elementor-widget-container\">\n\t\t\t\n<div class=\"directorist-search-contents\" data-atts='{&quot;show_title_subtitle&quot;:&quot;yes&quot;,&quot;search_bar_title&quot;:&quot;Buscar aqu\\u00ed&quot;,&quot;search_bar_sub_title&quot;:&quot;Encuentra lo que mejor encaja con tu inter\\u00e9s&quot;,&quot;search_button&quot;:&quot;yes&quot;,&quot;search_button_text&quot;:&quot;Buscar anuncio&quot;,&quot;more_filters_button&quot;:&quot;yes&quot;,&quot;more_filters_text&quot;:&quot;M\\u00e1s filtros&quot;,&quot;reset_filters_button&quot;:&quot;yes&quot;,&quot;apply_filters_button&quot;:&quot;yes&quot;,&quot;reset_filters_text&quot;:&quot;Restablecer filtros&quot;,&quot;apply_filters_text&quot;:&quot;Aplicar filtros&quot;,&quot;logged_in_user_only&quot;:&quot;no&quot;,&quot;redirect_page_url&quot;:&quot;&quot;,&quot;more_filters_display&quot;:&quot;overlapping&quot;,&quot;directory_type&quot;:&quot;&quot;,&quot;default_directory_type&quot;:&quot;&quot;,&quot;show_popular_category&quot;:&quot;&quot;}' style=\"\">\n\n\t<div class=\"directorist-container-fluid\">\n\n\t\t\n\t\t\n\t\t\t<div class=\"directorist-search-top\">\n\n\t\t\t\t\t\t\t\t\t<h2 class=\"directorist-search-top__title\">Buscar aqu\u00ed<\/h2>\n\t\t\t\t\n\t\t\t\t\t\t\t\t\t<p class=\"directorist-search-top__subtitle\">Encuentra lo que mejor encaja con tu inter\u00e9s<\/p>\n\t\t\t\t\n\t\t\t<\/div>\n\n\t\t\n\t\t<form action=\"https:\/\/apdeportiva.idi1.pro\/index.php\/resultados-de-la-busqueda\/\" class=\"directorist-search-form\" data-atts=\"{&quot;show_title_subtitle&quot;:&quot;yes&quot;,&quot;search_bar_title&quot;:&quot;Buscar aqu\\u00ed&quot;,&quot;search_bar_sub_title&quot;:&quot;Encuentra lo que mejor encaja con tu inter\\u00e9s&quot;,&quot;search_button&quot;:&quot;yes&quot;,&quot;search_button_text&quot;:&quot;Buscar anuncio&quot;,&quot;more_filters_button&quot;:&quot;yes&quot;,&quot;more_filters_text&quot;:&quot;M\\u00e1s filtros&quot;,&quot;reset_filters_button&quot;:&quot;yes&quot;,&quot;apply_filters_button&quot;:&quot;yes&quot;,&quot;reset_filters_text&quot;:&quot;Restablecer filtros&quot;,&quot;apply_filters_text&quot;:&quot;Aplicar filtros&quot;,&quot;logged_in_user_only&quot;:&quot;no&quot;,&quot;redirect_page_url&quot;:&quot;&quot;,&quot;more_filters_display&quot;:&quot;overlapping&quot;,&quot;directory_type&quot;:&quot;&quot;,&quot;default_directory_type&quot;:&quot;&quot;,&quot;show_popular_category&quot;:&quot;&quot;}\">\n\n\t\t\t<div class=\"directorist-search-form-wrap directorist-with-search-border\">\n\n\t\t\t\t\n\t\t\t\t<input type=\"hidden\" name=\"directory_type\" class=\"listing_type\" value=\"general\">\n\n\t\t\t\t<div class=\"directorist-search-form-box-wrap\">\n\n\t\t\t\t\t\n<div class=\"directorist-search-form-box\">\n\n\t<div class=\"directorist-search-form-top directorist-flex directorist-align-center directorist-search-form-inline\">\n\n\t\t\n<div class=\"directorist-search-field directorist-form-group directorist-search-query\">\n\t<input class=\"directorist-form-element\" type=\"text\" name=\"q\" value=\"\" placeholder=\"What are you looking for?\" >\n<\/div><div class=\"directorist-search-field\">\n\t<div class=\"directorist-select directorist-search-category\">\n\t\t<select name=\"in_cat\" class=\"search_fields directorist-category-select\" data-placeholder=\"Category\"  data-isSearch=\"true\" data-selected-id=\"\" data-selected-label=\"\">\n\t\t\t<option value=\"\">Select Category<\/option><option data-custom-field=\"\" value=\"18\">comidas rapidas<\/option><option data-custom-field=\"\" value=\"6\">Education<\/option><option data-custom-field=\"\" value=\"9\">Place<\/option><option data-custom-field=\"\" value=\"12\">Rent<\/option><option data-custom-field=\"\" value=\"15\">Restaurant<\/option><option data-custom-field=\"\" value=\"17\">Seguros y Finanzas<\/option>\t\t<\/select>\n\n\t<\/div>\n<\/div>\n\t<div class=\"directorist-search-field directorist-form-group directorist-icon-left\">\n\t\t<span class=\"directorist-input-icon directorist-filter-location-icon\"><i class=\"directorist-icon-mask\" aria-hidden=\"true\" style=\"--directorist-icon: url(https:\/\/apdeportiva.idi1.pro\/wp-content\/plugins\/directorist\/assets\/icons\/line-awesome\/svgs\/crosshairs-solid.svg)\"><\/i><\/span>\n\t\t<input type=\"text\" name=\"address\" id=\"addressId\" value=\"\" placeholder=\"Location\" autocomplete=\"off\" class=\"directorist-form-element directorist-location-js location-name\" >\n\n\t\t<div class=\"address_result location-names\" style=\"display: none\"><\/div>\n\t\t<input type=\"hidden\" id=\"cityLat\" name=\"cityLat\" value=\"\" \/>\n\t\t<input type=\"hidden\" id=\"cityLng\" name=\"cityLng\" value=\"\" \/>\n\t<\/div>\n\n\t\n<div class=\"directorist-search-form-action\">\n\n\t\n\t\t<div class=\"directorist-search-form-action__filter\">\n\t\t\t<a href=\"#\" class=\"directorist-btn directorist-btn-lg directorist-filter-btn\">\n\n\t\t\t\t\t\t\t\t\t<i class=\"directorist-icon-mask\" aria-hidden=\"true\" style=\"--directorist-icon: url(https:\/\/apdeportiva.idi1.pro\/wp-content\/plugins\/directorist\/assets\/icons\/line-awesome\/svgs\/filter-solid.svg)\"><\/i>\t\t\t\t\n\t\t\t\tM\u00e1s filtros\t\t\t<\/a>\n\t\t<\/div>\n\n\t\n\t\n\t\t<div class=\"directorist-search-form-action__submit\">\n\t\t\t<button type=\"submit\" class=\"directorist-btn directorist-btn-lg directorist-btn-dark directorist-btn-search\">\n\n\t\t\t\t\t\t\t\t\t<i class=\"directorist-icon-mask\" aria-hidden=\"true\" style=\"--directorist-icon: url(https:\/\/apdeportiva.idi1.pro\/wp-content\/plugins\/directorist\/assets\/icons\/line-awesome\/svgs\/search-solid.svg)\"><\/i>\t\t\t\t\n\t\t\t\tBuscar anuncio\n\t\t\t<\/button>\n\t\t<\/div>\n\n\t\n<\/div>\n\t<\/div>\n\n\t\t\t\t<div class=\"directorist-search-float\">\n\t\t\t\t\n<div class=\"directorist-search-adv-filter directorist-advanced-filter\">\n\n\t\n\t\t\n\t\t\t<div class=\"directorist-form-group directorist-advanced-filter__advanced--element direcorist-search-field-pricing\">\n<div class=\"directorist-search-field\">\n\n\t\n\t<div class=\"directorist-price-ranges\">\n\n\t\t\n\t\t\t<div class=\"directorist-price-ranges__item directorist-form-group\"><input type=\"text\" name=\"price[0]\" class=\"directorist-form-element\" placeholder=\"Min\" value=\"\"><\/div>\n\t\t\t<div class=\"directorist-price-ranges__item directorist-form-group\"><input type=\"text\" name=\"price[1]\" class=\"directorist-form-element\" placeholder=\"Max\" value=\"\"><\/div>\n\n\t\t\n\t\t\n\t\t\t<div class=\"directorist-price-ranges__item directorist-price-ranges__price-frequency\">\n\t\t\t\t<label class=\"directorist-price-ranges__price-frequency--btn\">\n\t\t\t\t\t<input type=\"radio\" name=\"price_range\" value=\"bellow_economy\"><span class=\"directorist-pf-range\">&#036;<\/span>\n\t\t\t\t<\/label>\n\t\t\t\t<label class=\"directorist-price-ranges__price-frequency--btn\">\n\t\t\t\t\t<input type=\"radio\" name=\"price_range\" value=\"economy\"><span class=\"directorist-pf-range\">&#036;&#036;<\/span>\n\t\t\t\t<\/label>\n\t\t\t\t<label class=\"directorist-price-ranges__price-frequency--btn\">\n\t\t\t\t\t<input type=\"radio\" name=\"price_range\" value=\"moderate\"><span class=\"directorist-pf-range\">&#036;&#036;&#036;<\/span>\n\t\t\t\t<\/label>\n\t\t\t\t<label class=\"directorist-price-ranges__price-frequency--btn\">\n\t\t\t\t\t<input type=\"radio\" name=\"price_range\" value=\"skimming\"><span class=\"directorist-pf-range\">&#036;&#036;&#036;&#036;<\/span>\n\t\t\t\t<\/label>\n\t\t\t<\/div>\n\n\t\t\n\t<\/div>\n\n<\/div><\/div>\n\n\t\t\n\t\n\t\t\n\t\t\t<div class=\"directorist-form-group directorist-advanced-filter__advanced--element direcorist-search-field-review\">\n<div class=\"directorist-search-field\">\n\t\t\t<label>Review<\/label>\n\t\t<div class=\"directorist-select\">\n\t\t<select name='search_by_rating'  data-placeholder=\"Select Review \" data-isSearch=\"true\">\n\t\t\t<option value=\"\" >Select Ratings<\/option><option value=\"5\" >5 Star<\/option><option value=\"4\" >4 Star &amp; Up<\/option><option value=\"3\" >3 Star &amp; Up<\/option><option value=\"2\" >2 Star &amp; Up<\/option><option value=\"1\" >1 Star &amp; Up<\/option>\t\t<\/select>\n\t<\/div>\n<\/div><\/div>\n\n\t\t\n\t\n\t\t\n\t\t\t<div class=\"directorist-form-group directorist-advanced-filter__advanced--element direcorist-search-field-radius_search\">\n<div class=\"directorist-search-field\">\n\n\t\t\t<label>Radius Search<\/label>\n\t\n\t<div class=\"directorist-range-slider-wrap\">\n\t\t<div class=\"directorist-range-slider\" data-default-radius=\"0\" data-slider-unit=\"Miles\"><\/div>\n\t\t<p class=\"directorist-range-slider-current-value\"><\/p>\n\t\t<input type=\"hidden\" class=\"directorist-range-slider-value\" name=\"miles\" value=\"0\" \/>\n\t<\/div>\n\n<\/div><\/div>\n\n\t\t\n\t\n\t\t\n\t\t\t<div class=\"directorist-form-group directorist-advanced-filter__advanced--element direcorist-search-field-tag\"><\/div>\n\n\t\t\n\t\n\t\t\n\t\t\t<div class=\"directorist-form-group directorist-advanced-filter__advanced--element direcorist-search-field-zip\">\n<div class=\"directorist-search-field\">\n\n\t\t\t<label>Zip\/Post Code<\/label>\n\t\n\t<div class=\"directorist-form-group directorist-zipcode-search\">\n\t\t<input class=\"directorist-form-element\" type=\"text\" name=\"\" value=\"\" autocomplete=\"off\" placeholder=\"Zip\" >\n\n\t\t<div class=\"directorist-country directorist-search-country\" style=\"display: none\"><\/div>\n\t\t<input type=\"hidden\" class=\"zip-cityLat\" name=\"zip_cityLat\" value=\"\" \/>\n\t\t<input type=\"hidden\" class=\"zip-cityLng\" name=\"zip_cityLng\" value=\"\" \/>\n\t<\/div>\n\t\n<\/div><\/div>\n\n\t\t\n\t\n\t\t\n\t\t\t<div class=\"directorist-form-group directorist-advanced-filter__advanced--element direcorist-search-field-phone\">\n<div class=\"directorist-search-field\">\n\n\t\t\t<label>Phone<\/label>\n\t\n\t<div class=\"directorist-form-group\">\n\t\t<input class=\"directorist-form-element\" type=\"text\" name=\"phone\" value=\"\" placeholder=\"Phone\" >\n\t<\/div>\n\t\n<\/div><\/div>\n\n\t\t\n\t\n\t\t\n\t\t\t<div class=\"directorist-form-group directorist-advanced-filter__advanced--element direcorist-search-field-phone2\">\n<div class=\"directorist-search-field\">\n\n\t\t\t<label>Phone 2<\/label>\n\t\n\t<div class=\"directorist-form-group\">\n\t\t<input class=\"directorist-form-element\" type=\"text\" name=\"phone2\" value=\"\" placeholder=\"Phone 2\" >\n\t<\/div>\n\t\n<\/div><\/div>\n\n\t\t\n\t\n\t\t\n\t\t\t<div class=\"directorist-form-group directorist-advanced-filter__advanced--element direcorist-search-field-fax\">\n<div class=\"directorist-search-field\">\n\n\t\t\t<label>Fax<\/label>\n\t\n\t<div class=\"directorist-form-group\">\n\t\t<input class=\"directorist-form-element\" type=\"text\" name=\"\" value=\"\" placeholder=\"Fax\" >\n\t<\/div>\n\t\n<\/div><\/div>\n\n\t\t\n\t\n\t\t\n\t\t\t<div class=\"directorist-form-group directorist-advanced-filter__advanced--element direcorist-search-field-email\">\n<div class=\"directorist-search-field\">\n\n\t\t\t<label>Email<\/label>\n\t\n\t<div class=\"directorist-form-group\">\n\t\t<input class=\"directorist-form-element\" type=\"text\" name=\"email\" value=\"\" placeholder=\"Email\" >\n\t<\/div>\n\n<\/div><\/div>\n\n\t\t\n\t\n\t\t\n\t\t\t<div class=\"directorist-form-group directorist-advanced-filter__advanced--element direcorist-search-field-website\">\n<div class=\"directorist-search-field\">\n\n\t\t\t<label>Website<\/label>\n\t\n\t<div class=\"directorist-form-group\">\n\t\t<input class=\"directorist-form-element\" type=\"text\" name=\"website\" value=\"\" placeholder=\"Website\" >\n\t<\/div>\n\t\n<\/div><\/div>\n\n\t\t\n\t\n\t\n<div class=\"directorist-advanced-filter__action directorist-flex directorist-justify-content-end\">\n\n\t\t\t<a href=\"#\" class=\"directorist-btn directorist-btn-sm directorist-btn-outline-dark directorist-btn-reset-js\">Restablecer filtros<\/a>\n\t\n\t\t\t<button type=\"submit\" class=\"directorist-btn directorist-btn-sm directorist-btn-dark\">Aplicar filtros<\/button>\n\t\n<\/div>\n<\/div>\t\t\t<\/div>\n\t\t\t\n<\/div>\n\t\t\t\t<\/div>\n\n\t\t\t<\/div>\n\n\t\t<\/form>\n\n\t\t\n\t\t\n\t<\/div>\n\n<\/div>\t\t<\/div>\n\t\t\t\t<\/div>\n\t\t\t\t\t<\/div>\n\t\t<\/div>\n\t\t\t\t\t\t\t<\/div>\n\t\t<\/section>\n\t\t\t\t<div class=\"elementor-element elementor-element-3982070 elementor-widget elementor-widget-button\" data-id=\"3982070\" data-element_type=\"widget\" data-widget_type=\"button.default\">\n\t\t\t\t<div class=\"elementor-widget-container\">\n\t\t\t\t\t<div class=\"elementor-button-wrapper\">\n\t\t\t<a class=\"elementor-button elementor-button-link elementor-size-sm\" href=\"https:\/\/apdeportiva.idi1.pro\/index.php\/registro\/\" target=\"_blank\">\n\t\t\t\t\t\t<span class=\"elementor-button-content-wrapper\">\n\t\t\t\t\t\t<span class=\"elementor-button-text\">registro<\/span>\n\t\t<\/span>\n\t\t\t\t\t<\/a>\n\t\t<\/div>\n\t\t\t\t<\/div>\n\t\t\t\t<\/div>\n\t\t\t\t<div class=\"elementor-element elementor-element-58bd378 elementor-widget elementor-widget-button\" data-id=\"58bd378\" data-element_type=\"widget\" data-widget_type=\"button.default\">\n\t\t\t\t<div class=\"elementor-widget-container\">\n\t\t\t\t\t<div class=\"elementor-button-wrapper\">\n\t\t\t<a class=\"elementor-button elementor-button-link elementor-size-sm\" href=\"https:\/\/apdeportiva.idi1.pro\/index.php\/acceder\/\" target=\"_blank\">\n\t\t\t\t\t\t<span class=\"elementor-button-content-wrapper\">\n\t\t\t\t\t\t<span class=\"elementor-button-text\">acceder<\/span>\n\t\t<\/span>\n\t\t\t\t\t<\/a>\n\t\t<\/div>\n\t\t\t\t<\/div>\n\t\t\t\t<\/div>\n\t\t\t\t<div class=\"elementor-element elementor-element-a74825b elementor-widget elementor-widget-button\" data-id=\"a74825b\" data-element_type=\"widget\" data-widget_type=\"button.default\">\n\t\t\t\t<div class=\"elementor-widget-container\">\n\t\t\t\t\t<div class=\"elementor-button-wrapper\">\n\t\t\t<a class=\"elementor-button elementor-button-link elementor-size-sm\" href=\"https:\/\/apdeportiva.idi1.pro\/index.php\/resultados-de-la-busqueda\/\" target=\"_blank\">\n\t\t\t\t\t\t<span class=\"elementor-button-content-wrapper\">\n\t\t\t\t\t\t<span class=\"elementor-button-text\">directorio busqueda<\/span>\n\t\t<\/span>\n\t\t\t\t\t<\/a>\n\t\t<\/div>\n\t\t\t\t<\/div>\n\t\t\t\t<\/div>\n\t\t\t\t\t<\/div>\n\t\t<\/div>\n\t\t\t\t\t\t\t<\/div>\n\t\t<\/section>\n\t\t\t\t\t\t\t<\/div>\n\t\t","protected":false},"excerpt":{"rendered":"<p>Mapa Centros de atenci\u00f3n medica Directorio contactos profesionales Directorio Buscar aqu\u00ed Encuentra lo que mejor encaja con tu inter\u00e9s Seleccionar categor\u00eda M\u00e1s filtros Buscar anuncio &#036; &#036;&#036; &#036;&#036;&#036; &#036;&#036;&#036;&#036; Review Seleccionar valoraciones5 estrellas4 estrellas o m\u00e1s3 estrellas o m\u00e1s2 estrellas o m\u00e1s1 estrella o m\u00e1s Radius Search Tag best food house purefood Rent Mostrar m\u00e1s [&hellip;]<\/p>\n","protected":false},"author":1,"featured_media":0,"parent":0,"menu_order":0,"comment_status":"closed","ping_status":"closed","template":"","meta":[],"_links":{"self":[{"href":"https:\/\/apdeportiva.idi1.pro\/index.php\/wp-json\/wp\/v2\/pages\/9"}],"collection":[{"href":"https:\/\/apdeportiva.idi1.pro\/index.php\/wp-json\/wp\/v2\/pages"}],"about":[{"href":"https:\/\/apdeportiva.idi1.pro\/index.php\/wp-json\/wp\/v2\/types\/page"}],"author":[{"embeddable":true,"href":"https:\/\/apdeportiva.idi1.pro\/index.php\/wp-json\/wp\/v2\/users\/1"}],"replies":[{"embeddable":true,"href":"https:\/\/apdeportiva.idi1.pro\/index.php\/wp-json\/wp\/v2\/comments?post=9"}],"version-history":[{"count":43,"href":"https:\/\/apdeportiva.idi1.pro\/index.php\/wp-json\/wp\/v2\/pages\/9\/revisions"}],"predecessor-version":[{"id":129,"href":"https:\/\/apdeportiva.idi1.pro\/index.php\/wp-json\/wp\/v2\/pages\/9\/revisions\/129"}],"wp:attachment":[{"href":"https:\/\/apdeportiva.idi1.pro\/index.php\/wp-json\/wp\/v2\/media?parent=9"}],"curies":[{"name":"wp","href":"https:\/\/api.w.org\/{rel}","templated":true}]}}